{"id":1313,"date":"2021-03-26T17:02:13","date_gmt":"2021-03-26T21:02:13","guid":{"rendered":"https:\/\/scieriedion.com\/contactanos\/"},"modified":"2026-02-26T09:21:18","modified_gmt":"2026-02-26T14:21:18","slug":"contactanos","status":"publish","type":"page","link":"https:\/\/scieriedion.com\/es\/contactanos\/","title":{"rendered":"Cont\u00e1ctanos"},"content":{"rendered":"<p>[et_pb_section fb_built=\u00bb1&#8243; fullwidth=\u00bbon\u00bb admin_label=\u00bbHeader Section\u00bb _builder_version=\u00bb4.27.4&#8243; background_color=\u00bb#000000&#8243; background_image=\u00bbhttps:\/\/scieriedion.com\/wp-content\/uploads\/2021\/05\/Bureau.jpg\u00bb custom_padding=\u00bb|||\u00bb locked=\u00bboff\u00bb global_colors_info=\u00bb{}\u00bb][et_pb_fullwidth_header title=\u00bb\u00bfPreguntas? Cont\u00e1ctanos. \u00bb text_orientation=\u00bbcenter\u00bb header_scroll_down=\u00bbon\u00bb scroll_down_icon=\u00bb%%1%%\u00bb background_overlay_color=\u00bbrgba(0,0,0,0.4)\u00bb content_max_width_last_edited=\u00bboff|desktop\u00bb admin_label=\u00bbContents\u00bb _builder_version=\u00bb4.27.4&#8243; title_font=\u00bbOswald|||on|\u00bb title_text_align=\u00bbcenter\u00bb title_font_size=\u00bb60px\u00bb title_letter_spacing=\u00bb0em\u00bb title_line_height=\u00bb1.1em\u00bb content_font=\u00bbPoppins||||||||\u00bb subhead_font=\u00bbPoppins|500|||||||\u00bb subhead_font_size=\u00bb21px\u00bb subhead_line_height=\u00bb1.9em\u00bb background_enable_color=\u00bboff\u00bb background_enable_image=\u00bboff\u00bb parallax=\u00bbon\u00bb parallax_method=\u00bbon\u00bb custom_button_one=\u00bbon\u00bb button_one_text_size=\u00bb15px\u00bb button_one_bg_color=\u00bb#dca57d\u00bb button_one_border_width=\u00bb10px\u00bb button_one_border_color=\u00bb#dca57d\u00bb button_one_border_radius=\u00bb0px\u00bb button_one_letter_spacing=\u00bb3px\u00bb button_one_font=\u00bbOswald|||on|\u00bb button_one_use_icon=\u00bboff\u00bb min_height=\u00bb626.1px\u00bb custom_margin=\u00bb|||\u00bb custom_padding=\u00bb20%||5%||false|false\u00bb animation_style=\u00bbfade\u00bb animation_starting_opacity=\u00bb50%\u00bb animation_speed_curve=\u00bbease-in\u00bb title_font_size_tablet=\u00bb60px\u00bb title_font_size_phone=\u00bb60px\u00bb title_font_size_last_edited=\u00bbon|tablet\u00bb button_one_border_color_hover=\u00bb#c99872&#8243; button_one_border_radius_hover=\u00bb0px\u00bb button_one_letter_spacing_hover=\u00bb3px\u00bb button_one_bg_color_hover=\u00bb#c99872&#8243; global_colors_info=\u00bb{}\u00bb button_one_text_size__hover_enabled=\u00bboff\u00bb button_two_text_size__hover_enabled=\u00bboff\u00bb button_one_text_color__hover_enabled=\u00bboff\u00bb button_two_text_color__hover_enabled=\u00bboff\u00bb button_one_border_width__hover_enabled=\u00bboff\u00bb button_two_border_width__hover_enabled=\u00bboff\u00bb button_one_border_color__hover_enabled=\u00bbon\u00bb button_one_border_color__hover=\u00bb#c99872&#8243; button_two_border_color__hover_enabled=\u00bboff\u00bb button_one_border_radius__hover_enabled=\u00bbon\u00bb button_one_border_radius__hover=\u00bb0px\u00bb button_two_border_radius__hover_enabled=\u00bboff\u00bb button_one_letter_spacing__hover_enabled=\u00bbon\u00bb button_one_letter_spacing__hover=\u00bb3px\u00bb button_two_letter_spacing__hover_enabled=\u00bboff\u00bb button_one_bg_color__hover_enabled=\u00bbon\u00bb button_one_bg_color__hover=\u00bb#c99872&#8243; button_two_bg_color__hover_enabled=\u00bboff\u00bb][\/et_pb_fullwidth_header][\/et_pb_section][et_pb_section fb_built=\u00bb1&#8243; _builder_version=\u00bb4.27.4&#8243; _module_preset=\u00bbdefault\u00bb custom_padding=\u00bb117px||117px||true|false\u00bb top_divider_color=\u00bb#000000&#8243; global_colors_info=\u00bb{}\u00bb][et_pb_row _builder_version=\u00bb4.16&#8243; _module_preset=\u00bbdefault\u00bb custom_margin=\u00bb-1px|auto||auto||\u00bb global_colors_info=\u00bb{}\u00bb][et_pb_column type=\u00bb4_4&#8243; _builder_version=\u00bb4.16&#8243; _module_preset=\u00bbdefault\u00bb global_colors_info=\u00bb{}\u00bb][et_pb_text _builder_version=\u00bb4.27.4&#8243; _module_preset=\u00bbdefault\u00bb text_font=\u00bbPoppins|700|||||||\u00bb text_text_color=\u00bb#000000&#8243; header_2_font=\u00bbOswald|||on|||||\u00bb header_2_text_color=\u00bb#006344&#8243; header_2_font_size=\u00bb50px\u00bb header_3_font=\u00bbPoppins||||||||\u00bb header_4_font=\u00bbPoppins||||||||\u00bb header_4_letter_spacing=\u00bb0.5px\u00bb custom_margin=\u00bb||||false|false\u00bb global_colors_info=\u00bb{}\u00bb]<\/p>\n<h2 style=\"text-align: center;\">Ll\u00e1manos o vis\u00edtanos<\/h2>\n<h3 style=\"text-align: center;\"><strong><\/strong><\/h3>\n<h4 style=\"text-align: center;\"><strong><\/strong><\/h4>\n<p style=\"text-align: center;\">Ten en cuenta que no realizamos ventas al por menor.<\/p>\n<p>[\/et_pb_text][\/et_pb_column][\/et_pb_row][et_pb_row column_structure=\u00bb1_4,1_4,1_2&#8243; use_custom_gutter=\u00bbon\u00bb gutter_width=\u00bb2&#8243; make_equal=\u00bbon\u00bb _builder_version=\u00bb4.27.4&#8243; _module_preset=\u00bbdefault\u00bb module_alignment=\u00bbcenter\u00bb custom_margin=\u00bb||||false|false\u00bb custom_padding=\u00bb||0px||false|false\u00bb global_colors_info=\u00bb{}\u00bb][et_pb_column type=\u00bb1_4&#8243; _builder_version=\u00bb4.16&#8243; _module_preset=\u00bbdefault\u00bb global_colors_info=\u00bb{}\u00bb][et_pb_text admin_label=\u00bbTittle\u00bb _builder_version=\u00bb4.27.4&#8243; text_font=\u00bbPoppins||||||||\u00bb text_text_color=\u00bb#000000&#8243; text_line_height=\u00bb1.5em\u00bb header_font=\u00bb||||||||\u00bb header_text_align=\u00bbcenter\u00bb header_2_font=\u00bbOswald|||on|||||\u00bb header_2_text_align=\u00bbright\u00bb header_2_text_color=\u00bb#000000&#8243; header_2_font_size=\u00bb24px\u00bb header_2_line_height=\u00bb1.2em\u00bb header_3_font=\u00bbOswald|||on|||||\u00bb header_3_text_color=\u00bb#000000&#8243; header_3_font_size=\u00bb42px\u00bb header_3_letter_spacing=\u00bb2px\u00bb header_3_line_height=\u00bb1.5em\u00bb header_4_font=\u00bbOswald|||on|||||\u00bb header_4_font_size=\u00bb24px\u00bb header_4_line_height=\u00bb1.3em\u00bb max_width_last_edited=\u00bboff|desktop\u00bb module_alignment=\u00bbcenter\u00bb custom_margin=\u00bb||||false|false\u00bb custom_padding=\u00bb||||false|false\u00bb locked=\u00bboff\u00bb global_colors_info=\u00bb{}\u00bb]<\/p>\n<h4 class=\"sqsrte-large\" style=\"text-align: left;\">Informaci\u00f3n de contacto<\/h4>\n<p style=\"text-align: left;\"><strong><\/strong><\/p>\n<p style=\"text-align: left;\"><strong>Scierie Dion et Fils inc.<\/strong><br \/>147, rue Saint-Alexis,<br \/>Saint-Raymond QC, G3L 1S1<\/p>\n<p style=\"text-align: left;\">Tel : (418) 337-2265<br \/>Fax : (418) 337-4142<\/p>\n<h4 style=\"text-align: left;\"><\/h4>\n<p class=\"\" style=\"text-align: left;\"><strong>Informaci\u00f3n general<\/strong><br \/><span style=\"text-decoration: underline; color: #006344;\"><a href=\"mailto:info@scieriedion.com\" style=\"color: #006344; text-decoration: underline;\">info@scieriedion.com<\/a><\/span><\/p>\n<p class=\"\" style=\"text-align: left;\"><strong>Productos y servicios<\/strong><br \/><span style=\"text-decoration: underline; color: #006344;\"><a href=\"mailto:edeslauriers@scieriedion.com\" style=\"color: #006344; text-decoration: underline;\">edeslauriers@scieriedion.com<\/a><\/span><\/p>\n<p>[\/et_pb_text][\/et_pb_column][et_pb_column type=\u00bb1_4&#8243; _builder_version=\u00bb4.16&#8243; _module_preset=\u00bbdefault\u00bb global_colors_info=\u00bb{}\u00bb][et_pb_text _builder_version=\u00bb4.27.4&#8243; _module_preset=\u00bbdefault\u00bb text_font=\u00bbPoppins||||||||\u00bb text_text_color=\u00bb#000000&#8243; text_line_height=\u00bb1.5em\u00bb header_4_font=\u00bbOswald|||on|||||\u00bb header_4_text_color=\u00bb#000000&#8243; header_4_font_size=\u00bb24px\u00bb custom_margin=\u00bb||||false|false\u00bb custom_padding=\u00bb||||false|false\u00bb global_colors_info=\u00bb{}\u00bb]<\/p>\n<h4>Horario de atenci\u00f3n<\/h4>\n<p><strong><\/strong><\/p>\n<p><strong>Oficina<\/strong><br \/>De lunes a jueves de 7:30 a 17:00<br \/>Viernes de 7:30 a 16:00<\/p>\n<p><strong><\/strong><\/p>\n<p><strong>Descarga de trozas (24 h)<\/strong><br \/>De lunes 6:00 a viernes 12:00<\/p>\n<p><strong><\/strong><\/p>\n<p><strong>Descarga de madera larga<\/strong><br \/>De lunes a jueves de 6:00 a 20:00<br \/>Viernes de 6:00 a 12:00<\/p>\n<p>[\/et_pb_text][\/et_pb_column][et_pb_column type=\u00bb1_2&#8243; _builder_version=\u00bb4.16&#8243; _module_preset=\u00bbdefault\u00bb global_colors_info=\u00bb{}\u00bb][et_pb_code _builder_version=\u00bb4.27.4&#8243; _module_preset=\u00bbdefault\u00bb width=\u00bb100%\u00bb module_alignment=\u00bbcenter\u00bb custom_margin=\u00bb||||false|false\u00bb custom_padding=\u00bb||||false|false\u00bb global_colors_info=\u00bb{}\u00bb]<iframe src=\"https:\/\/www.google.com\/maps\/embed?pb=!1m18!1m12!1m3!1d2730.515400195667!2d-71.2451799843968!3d46.81385097914007!2m3!1f0!2f0!3f0!3m2!1i1024!2i768!4f13.1!3m3!1m2!1s0x4cb8966825e18a1f%3A0xcf63886fef8f2df2!2sRue%20Saint-Alexis%2C%20Qu%C3%A9bec%2C%20QC!5e0!3m2!1sfr!2sca!4v1621194767288!5m2!1sfr!2sca\" width=\"600\" height=\"450\" style=\"border:0;\" allowfullscreen=\"\" loading=\"lazy\"><\/iframe>[\/et_pb_code][\/et_pb_column][\/et_pb_row][\/et_pb_section]<\/p>\n","protected":false},"excerpt":{"rendered":"<p>Ll\u00e1manos o vis\u00edtanos Ten en cuenta que no realizamos ventas al por menor.Informaci\u00f3n de contacto Scierie Dion et Fils inc.147, rue Saint-Alexis,Saint-Raymond QC, G3L 1S1 Tel : (418) 337-2265Fax : (418) 337-4142 Informaci\u00f3n generalinfo@scieriedion.com Productos y serviciosedeslauriers@scieriedion.comHorario de atenci\u00f3n OficinaDe lunes a jueves de 7:30 a 17:00Viernes de 7:30 a 16:00 Descarga de trozas (24 [&hellip;]<\/p>\n","protected":false},"author":1,"featured_media":0,"parent":0,"menu_order":0,"comment_status":"closed","ping_status":"closed","template":"","meta":{"_et_pb_use_builder":"on","_et_pb_old_content":"","_et_gb_content_width":"","footnotes":""},"class_list":["post-1313","page","type-page","status-publish","hentry"],"yoast_head":"<!-- This site is optimized with the Yoast SEO plugin v27.4 - https:\/\/yoast.com\/product\/yoast-seo-wordpress\/ -->\n<title>Cont\u00e1ctanos - Scierie Dions et Fils inc.<\/title>\n<meta name=\"robots\" content=\"index, follow, max-snippet:-1, max-image-preview:large, max-video-preview:-1\" \/>\n<link rel=\"canonical\" href=\"https:\/\/scieriedion.com\/es\/contactanos\/\" \/>\n<meta property=\"og:locale\" content=\"es_ES\" \/>\n<meta property=\"og:type\" content=\"article\" \/>\n<meta property=\"og:title\" content=\"Cont\u00e1ctanos - Scierie Dions et Fils inc.\" \/>\n<meta property=\"og:description\" content=\"Ll\u00e1manos o vis\u00edtanos Ten en cuenta que no realizamos ventas al por menor.Informaci\u00f3n de contacto Scierie Dion et Fils inc.147, rue Saint-Alexis,Saint-Raymond QC, G3L 1S1 Tel : (418) 337-2265Fax : (418) 337-4142 Informaci\u00f3n generalinfo@scieriedion.com Productos y serviciosedeslauriers@scieriedion.comHorario de atenci\u00f3n OficinaDe lunes a jueves de 7:30 a 17:00Viernes de 7:30 a 16:00 Descarga de trozas (24 [&hellip;]\" \/>\n<meta property=\"og:url\" content=\"https:\/\/scieriedion.com\/es\/contactanos\/\" \/>\n<meta property=\"og:site_name\" content=\"Scierie Dions et Fils inc.\" \/>\n<meta property=\"article:modified_time\" content=\"2026-02-26T14:21:18+00:00\" \/>\n<meta name=\"twitter:card\" content=\"summary_large_image\" \/>\n<meta name=\"twitter:label1\" content=\"Tiempo de lectura\" \/>\n\t<meta name=\"twitter:data1\" content=\"4 minutos\" \/>\n<script type=\"application\/ld+json\" class=\"yoast-schema-graph\">{\"@context\":\"https:\\\/\\\/schema.org\",\"@graph\":[{\"@type\":\"WebPage\",\"@id\":\"https:\\\/\\\/scieriedion.com\\\/es\\\/contactanos\\\/\",\"url\":\"https:\\\/\\\/scieriedion.com\\\/es\\\/contactanos\\\/\",\"name\":\"Cont\u00e1ctanos - Scierie Dions et Fils inc.\",\"isPartOf\":{\"@id\":\"https:\\\/\\\/scieriedion.com\\\/es\\\/#website\"},\"datePublished\":\"2021-03-26T21:02:13+00:00\",\"dateModified\":\"2026-02-26T14:21:18+00:00\",\"breadcrumb\":{\"@id\":\"https:\\\/\\\/scieriedion.com\\\/es\\\/contactanos\\\/#breadcrumb\"},\"inLanguage\":\"es\",\"potentialAction\":[{\"@type\":\"ReadAction\",\"target\":[\"https:\\\/\\\/scieriedion.com\\\/es\\\/contactanos\\\/\"]}]},{\"@type\":\"BreadcrumbList\",\"@id\":\"https:\\\/\\\/scieriedion.com\\\/es\\\/contactanos\\\/#breadcrumb\",\"itemListElement\":[{\"@type\":\"ListItem\",\"position\":1,\"name\":\"Accueil\",\"item\":\"https:\\\/\\\/scieriedion.com\\\/es\\\/inicio\\\/\"},{\"@type\":\"ListItem\",\"position\":2,\"name\":\"Cont\u00e1ctanos\"}]},{\"@type\":\"WebSite\",\"@id\":\"https:\\\/\\\/scieriedion.com\\\/es\\\/#website\",\"url\":\"https:\\\/\\\/scieriedion.com\\\/es\\\/\",\"name\":\"Scierie Dions et Fils inc.\",\"description\":\"Usine de feuillus durs et de r\u00e9sineux\",\"potentialAction\":[{\"@type\":\"SearchAction\",\"target\":{\"@type\":\"EntryPoint\",\"urlTemplate\":\"https:\\\/\\\/scieriedion.com\\\/es\\\/?s={search_term_string}\"},\"query-input\":{\"@type\":\"PropertyValueSpecification\",\"valueRequired\":true,\"valueName\":\"search_term_string\"}}],\"inLanguage\":\"es\"}]}<\/script>\n<!-- \/ Yoast SEO plugin. -->","yoast_head_json":{"title":"Cont\u00e1ctanos - Scierie Dions et Fils inc.","robots":{"index":"index","follow":"follow","max-snippet":"max-snippet:-1","max-image-preview":"max-image-preview:large","max-video-preview":"max-video-preview:-1"},"canonical":"https:\/\/scieriedion.com\/es\/contactanos\/","og_locale":"es_ES","og_type":"article","og_title":"Cont\u00e1ctanos - Scierie Dions et Fils inc.","og_description":"Ll\u00e1manos o vis\u00edtanos Ten en cuenta que no realizamos ventas al por menor.Informaci\u00f3n de contacto Scierie Dion et Fils inc.147, rue Saint-Alexis,Saint-Raymond QC, G3L 1S1 Tel : (418) 337-2265Fax : (418) 337-4142 Informaci\u00f3n generalinfo@scieriedion.com Productos y serviciosedeslauriers@scieriedion.comHorario de atenci\u00f3n OficinaDe lunes a jueves de 7:30 a 17:00Viernes de 7:30 a 16:00 Descarga de trozas (24 [&hellip;]","og_url":"https:\/\/scieriedion.com\/es\/contactanos\/","og_site_name":"Scierie Dions et Fils inc.","article_modified_time":"2026-02-26T14:21:18+00:00","twitter_card":"summary_large_image","twitter_misc":{"Tiempo de lectura":"4 minutos"},"schema":{"@context":"https:\/\/schema.org","@graph":[{"@type":"WebPage","@id":"https:\/\/scieriedion.com\/es\/contactanos\/","url":"https:\/\/scieriedion.com\/es\/contactanos\/","name":"Cont\u00e1ctanos - Scierie Dions et Fils inc.","isPartOf":{"@id":"https:\/\/scieriedion.com\/es\/#website"},"datePublished":"2021-03-26T21:02:13+00:00","dateModified":"2026-02-26T14:21:18+00:00","breadcrumb":{"@id":"https:\/\/scieriedion.com\/es\/contactanos\/#breadcrumb"},"inLanguage":"es","potentialAction":[{"@type":"ReadAction","target":["https:\/\/scieriedion.com\/es\/contactanos\/"]}]},{"@type":"BreadcrumbList","@id":"https:\/\/scieriedion.com\/es\/contactanos\/#breadcrumb","itemListElement":[{"@type":"ListItem","position":1,"name":"Accueil","item":"https:\/\/scieriedion.com\/es\/inicio\/"},{"@type":"ListItem","position":2,"name":"Cont\u00e1ctanos"}]},{"@type":"WebSite","@id":"https:\/\/scieriedion.com\/es\/#website","url":"https:\/\/scieriedion.com\/es\/","name":"Scierie Dions et Fils inc.","description":"Usine de feuillus durs et de r\u00e9sineux","potentialAction":[{"@type":"SearchAction","target":{"@type":"EntryPoint","urlTemplate":"https:\/\/scieriedion.com\/es\/?s={search_term_string}"},"query-input":{"@type":"PropertyValueSpecification","valueRequired":true,"valueName":"search_term_string"}}],"inLanguage":"es"}]}},"_links":{"self":[{"href":"https:\/\/scieriedion.com\/es\/wp-json\/wp\/v2\/pages\/1313","targetHints":{"allow":["GET"]}}],"collection":[{"href":"https:\/\/scieriedion.com\/es\/wp-json\/wp\/v2\/pages"}],"about":[{"href":"https:\/\/scieriedion.com\/es\/wp-json\/wp\/v2\/types\/page"}],"author":[{"embeddable":true,"href":"https:\/\/scieriedion.com\/es\/wp-json\/wp\/v2\/users\/1"}],"replies":[{"embeddable":true,"href":"https:\/\/scieriedion.com\/es\/wp-json\/wp\/v2\/comments?post=1313"}],"version-history":[{"count":3,"href":"https:\/\/scieriedion.com\/es\/wp-json\/wp\/v2\/pages\/1313\/revisions"}],"predecessor-version":[{"id":1438,"href":"https:\/\/scieriedion.com\/es\/wp-json\/wp\/v2\/pages\/1313\/revisions\/1438"}],"wp:attachment":[{"href":"https:\/\/scieriedion.com\/es\/wp-json\/wp\/v2\/media?parent=1313"}],"curies":[{"name":"wp","href":"https:\/\/api.w.org\/{rel}","templated":true}]}}