{"id":1345,"date":"2021-05-16T22:09:45","date_gmt":"2021-05-17T02:09:45","guid":{"rendered":"https:\/\/scieriedion.com\/documentacion\/"},"modified":"2026-03-31T11:33:40","modified_gmt":"2026-03-31T15:33:40","slug":"documentacion","status":"publish","type":"page","link":"https:\/\/scieriedion.com\/es\/documentacion\/","title":{"rendered":"Documentaci\u00f3n"},"content":{"rendered":"<p>[et_pb_section fb_built=\u00bb1&#8243; fullwidth=\u00bbon\u00bb admin_label=\u00bbCoffee Hero Section\u00bb _builder_version=\u00bb4.27.4&#8243; background_color=\u00bbrgba(0,0,0,0.25)\u00bb background_image=\u00bbhttps:\/\/scieriedion.com\/wp-content\/uploads\/2021\/09\/employer.jpg\u00bb bottom_divider_color=\u00bb#000000&#8243; locked=\u00bboff\u00bb global_colors_info=\u00bb{}\u00bb][et_pb_fullwidth_header title=\u00bbConsulte nuestros documentos\u00bb text_orientation=\u00bbcenter\u00bb header_scroll_down=\u00bbon\u00bb scroll_down_icon=\u00bb%%1%%\u00bb scroll_down_icon_color=\u00bb#FFFFFF\u00bb content_max_width_last_edited=\u00bboff|desktop\u00bb _builder_version=\u00bb4.27.4&#8243; title_level=\u00bbh3&#8243; title_font=\u00bbOswald|||on|\u00bb title_text_align=\u00bbcenter\u00bb title_text_color=\u00bb#FFFFFF\u00bb title_font_size=\u00bb60px\u00bb title_letter_spacing=\u00bb0em\u00bb title_line_height=\u00bb1.1em\u00bb content_font=\u00bbNunito||||||||\u00bb content_font_size=\u00bb20px\u00bb subhead_font=\u00bbNunito|600|||||||\u00bb subhead_font_size=\u00bb20px\u00bb subhead_line_height=\u00bb1.9em\u00bb background_enable_color=\u00bboff\u00bb background_enable_image=\u00bboff\u00bb custom_button_one=\u00bbon\u00bb button_one_text_size=\u00bb15px\u00bb button_one_bg_color=\u00bb#dca57d\u00bb button_one_border_width=\u00bb10px\u00bb button_one_border_color=\u00bb#dca57d\u00bb button_one_border_radius=\u00bb0px\u00bb button_one_letter_spacing=\u00bb3px\u00bb button_one_font=\u00bbOswald|||on|\u00bb button_one_use_icon=\u00bboff\u00bb background_layout=\u00bblight\u00bb custom_margin=\u00bb|||\u00bb custom_padding=\u00bb25%||25%||true|false\u00bb animation_style=\u00bbfade\u00bb animation_starting_opacity=\u00bb50%\u00bb animation_speed_curve=\u00bbease-in\u00bb title_font_size_tablet=\u00bb60px\u00bb title_font_size_phone=\u00bb60px\u00bb title_font_size_last_edited=\u00bbon|phone\u00bb button_one_border_color_hover=\u00bb#c99872&#8243; button_one_border_radius_hover=\u00bb0px\u00bb button_one_letter_spacing_hover=\u00bb3px\u00bb button_one_bg_color_hover=\u00bb#c99872&#8243; global_colors_info=\u00bb{}\u00bb button_one_text_size__hover_enabled=\u00bboff\u00bb button_two_text_size__hover_enabled=\u00bboff\u00bb button_one_text_color__hover_enabled=\u00bboff\u00bb button_two_text_color__hover_enabled=\u00bboff\u00bb button_one_border_width__hover_enabled=\u00bboff\u00bb button_two_border_width__hover_enabled=\u00bboff\u00bb button_one_border_color__hover_enabled=\u00bbon\u00bb button_one_border_color__hover=\u00bb#c99872&#8243; button_two_border_color__hover_enabled=\u00bboff\u00bb button_one_border_radius__hover_enabled=\u00bbon\u00bb button_one_border_radius__hover=\u00bb0px\u00bb button_two_border_radius__hover_enabled=\u00bboff\u00bb button_one_letter_spacing__hover_enabled=\u00bbon\u00bb button_one_letter_spacing__hover=\u00bb3px\u00bb button_two_letter_spacing__hover_enabled=\u00bboff\u00bb button_one_bg_color__hover_enabled=\u00bbon\u00bb button_one_bg_color__hover=\u00bb#c99872&#8243; button_two_bg_color__hover_enabled=\u00bboff\u00bb][\/et_pb_fullwidth_header][\/et_pb_section][et_pb_section fb_built=\u00bb1&#8243; admin_label=\u00bbCoffee Menu\u00bb _builder_version=\u00bb4.27.4&#8243; background_color=\u00bb#000000&#8243; custom_margin=\u00bb||||false|false\u00bb custom_padding=\u00bb175px|0px|175px||true|false\u00bb top_divider_color=\u00bb#000000&#8243; bottom_divider_flip=\u00bbvertical|horizontal\u00bb locked=\u00bboff\u00bb global_colors_info=\u00bb{}\u00bb][et_pb_row column_structure=\u00bb1_3,1_3,1_3&#8243; use_custom_gutter=\u00bbon\u00bb gutter_width=\u00bb4&#8243; make_equal=\u00bbon\u00bb _builder_version=\u00bb4.27.4&#8243; _module_preset=\u00bbdefault\u00bb global_colors_info=\u00bb{}\u00bb][et_pb_column type=\u00bb1_3&#8243; _builder_version=\u00bb4.16&#8243; _module_preset=\u00bbdefault\u00bb global_colors_info=\u00bb{}\u00bb][et_pb_text _builder_version=\u00bb4.18.0&#8243; _module_preset=\u00bbdefault\u00bb text_font=\u00bbPoppins||||||||\u00bb text_text_color=\u00bb#FFFFFF\u00bb header_2_font=\u00bbOswald|||on|||||\u00bb header_2_text_align=\u00bbcenter\u00bb header_2_text_color=\u00bb#FFFFFF\u00bb header_2_font_size=\u00bb32px\u00bb header_2_line_height=\u00bb1.2em\u00bb width=\u00bb100%\u00bb custom_margin=\u00bb||||false|false\u00bb custom_padding=\u00bb||||false|false\u00bb global_colors_info=\u00bb{}\u00bb]<\/p>\n<h2 style=\"text-align: center;\">Equidad de<br \/>g\u00e9nero<\/h2>\n<p class=\"\"><em><\/em><\/p>\n<p class=\"\" style=\"text-align: center;\"><em>Documento PDF<\/em><\/p>\n<p>[\/et_pb_text][et_pb_button button_url=\u00bbhttps:\/\/scieriedion.com\/wp-content\/uploads\/2022\/09\/equite_genre_scierie_dion.pdf\u00bb url_new_window=\u00bbon\u00bb button_text=\u00bbLeer el documento\u00bb button_alignment=\u00bbcenter\u00bb _builder_version=\u00bb4.18.0&#8243; _module_preset=\u00bbdefault\u00bb custom_button=\u00bbon\u00bb button_text_size=\u00bb17px\u00bb button_text_color=\u00bb#006344&#8243; button_bg_color=\u00bbRGBA(0,0,0,0)\u00bb button_border_color=\u00bb#006344&#8243; button_border_radius=\u00bb0px\u00bb button_font=\u00bbOswald|||on|||||\u00bb button_use_icon=\u00bboff\u00bb global_colors_info=\u00bb{}\u00bb][\/et_pb_button][\/et_pb_column][et_pb_column type=\u00bb1_3&#8243; _builder_version=\u00bb4.16&#8243; _module_preset=\u00bbdefault\u00bb global_colors_info=\u00bb{}\u00bb][et_pb_text _builder_version=\u00bb4.18.0&#8243; _module_preset=\u00bbdefault\u00bb text_font=\u00bbPoppins||||||||\u00bb text_text_color=\u00bb#FFFFFF\u00bb header_2_font=\u00bbOswald|||on|||||\u00bb header_2_text_align=\u00bbcenter\u00bb header_2_text_color=\u00bb#FFFFFF\u00bb header_2_font_size=\u00bb32px\u00bb header_2_line_height=\u00bb1.2em\u00bb width=\u00bb100%\u00bb custom_margin=\u00bb||||false|false\u00bb custom_padding=\u00bb||||false|false\u00bb global_colors_info=\u00bb{}\u00bb]<\/p>\n<h2>Pol\u00edtica anticorrupci\u00f3n<\/h2>\n<p class=\"\"><em><\/em><\/p>\n<p class=\"\" style=\"text-align: center;\"><em>Documento PDF<\/em><\/p>\n<p>[\/et_pb_text][et_pb_button button_url=\u00bbhttps:\/\/scieriedion.com\/wp-content\/uploads\/2022\/09\/politique_anticorruption_scierie_dion.pdf\u00bb url_new_window=\u00bbon\u00bb button_text=\u00bbLeer el documento\u00bb button_alignment=\u00bbcenter\u00bb _builder_version=\u00bb4.18.0&#8243; _module_preset=\u00bbdefault\u00bb custom_button=\u00bbon\u00bb button_text_size=\u00bb17px\u00bb button_text_color=\u00bb#006344&#8243; button_bg_color=\u00bbRGBA(0,0,0,0)\u00bb button_border_color=\u00bb#006344&#8243; button_border_radius=\u00bb0px\u00bb button_font=\u00bbOswald|||on|||||\u00bb button_use_icon=\u00bboff\u00bb global_colors_info=\u00bb{}\u00bb][\/et_pb_button][\/et_pb_column][et_pb_column type=\u00bb1_3&#8243; _builder_version=\u00bb4.16&#8243; _module_preset=\u00bbdefault\u00bb global_colors_info=\u00bb{}\u00bb][et_pb_text _builder_version=\u00bb4.18.0&#8243; _module_preset=\u00bbdefault\u00bb text_font=\u00bbPoppins||||||||\u00bb text_text_color=\u00bb#FFFFFF\u00bb header_2_font=\u00bbOswald|||on|||||\u00bb header_2_text_align=\u00bbcenter\u00bb header_2_text_color=\u00bb#FFFFFF\u00bb header_2_font_size=\u00bb32px\u00bb header_2_line_height=\u00bb1.2em\u00bb width=\u00bb100%\u00bb custom_margin=\u00bb||||false|false\u00bb custom_padding=\u00bb||||false|false\u00bb global_colors_info=\u00bb{}\u00bb]<\/p>\n<h2 style=\"text-align: center;\"><span style=\"font-size: 32px;\">Pol\u00edtica contra el acoso<\/span><\/h2>\n<p class=\"\"><em><\/em><\/p>\n<p class=\"\" style=\"text-align: center;\"><em>Documento PDF<\/em><\/p>\n<p>[\/et_pb_text][et_pb_button button_url=\u00bb&lt;!&#8211;&#91;CDATA&#91;https:\/\/scieriedion.com\/wp-content\/uploads\/2022\/09\/politique_harcelement_dion.pdf&#93;&#93;&#8211;&gt;\u00bb url_new_window=\u00bbon\u00bb button_text=\u00bbLeer el documento\u00bb button_alignment=\u00bbcenter\u00bb _builder_version=\u00bb4.18.0&#8243; _module_preset=\u00bbdefault\u00bb custom_button=\u00bbon\u00bb button_text_size=\u00bb17px\u00bb button_text_color=\u00bb#006344&#8243; button_bg_color=\u00bbRGBA(0,0,0,0)\u00bb button_border_color=\u00bb#006344&#8243; button_border_radius=\u00bb0px\u00bb button_font=\u00bbOswald|||on|||||\u00bb button_use_icon=\u00bboff\u00bb global_colors_info=\u00bb{}\u00bb][\/et_pb_button][\/et_pb_column][\/et_pb_row][et_pb_row column_structure=\u00bb1_3,1_3,1_3&#8243; use_custom_gutter=\u00bbon\u00bb gutter_width=\u00bb4&#8243; make_equal=\u00bbon\u00bb _builder_version=\u00bb4.27.6&#8243; _module_preset=\u00bbdefault\u00bb width_tablet=\u00bb\u00bb width_phone=\u00bb\u00bb width_last_edited=\u00bbon|phone\u00bb custom_margin=\u00bb||||false|false\u00bb custom_padding=\u00bb||||false|false\u00bb hover_enabled=\u00bb0&#8243; global_colors_info=\u00bb{}\u00bb sticky_enabled=\u00bb0&#8243;][et_pb_column type=\u00bb1_3&#8243; _builder_version=\u00bb4.16&#8243; _module_preset=\u00bbdefault\u00bb global_colors_info=\u00bb{}\u00bb][et_pb_text _builder_version=\u00bb4.16&#8243; _module_preset=\u00bbdefault\u00bb text_font=\u00bbPoppins||||||||\u00bb text_text_color=\u00bb#FFFFFF\u00bb header_2_font=\u00bbOswald|||on|||||\u00bb header_2_text_align=\u00bbcenter\u00bb header_2_text_color=\u00bb#FFFFFF\u00bb header_2_font_size=\u00bb32px\u00bb header_2_line_height=\u00bb1.2em\u00bb width=\u00bb100%\u00bb custom_margin=\u00bb||||false|false\u00bb custom_padding=\u00bb||||false|false\u00bb global_colors_info=\u00bb{}\u00bb]<\/p>\n<h2>Reglamento para la resoluci\u00f3n de conflictos con el p\u00fablico en Scierie Dion et Fils Inc.<\/h2>\n<p class=\"\"><em><\/em><\/p>\n<p class=\"\" style=\"text-align: center;\"><em>Documento PDF<\/em><\/p>\n<p>[\/et_pb_text][et_pb_button button_url=\u00bbhttps:\/\/scieriedion.com\/wp-content\/uploads\/2022\/09\/Plaintes_et_reglement_des_differends_ScDion2021-1.pdf\u00bb url_new_window=\u00bbon\u00bb button_text=\u00bbLeer el documento\u00bb button_alignment=\u00bbcenter\u00bb _builder_version=\u00bb4.18.0&#8243; _module_preset=\u00bbdefault\u00bb custom_button=\u00bbon\u00bb button_text_size=\u00bb17px\u00bb button_text_color=\u00bb#006344&#8243; button_bg_color=\u00bbRGBA(0,0,0,0)\u00bb button_border_color=\u00bb#006344&#8243; button_border_radius=\u00bb0px\u00bb button_font=\u00bbOswald|||on|||||\u00bb button_use_icon=\u00bboff\u00bb global_colors_info=\u00bb{}\u00bb][\/et_pb_button][\/et_pb_column][et_pb_column type=\u00bb1_3&#8243; _builder_version=\u00bb4.16&#8243; _module_preset=\u00bbdefault\u00bb global_colors_info=\u00bb{}\u00bb][et_pb_text _builder_version=\u00bb4.16&#8243; _module_preset=\u00bbdefault\u00bb text_font=\u00bbPoppins||||||||\u00bb text_text_color=\u00bb#FFFFFF\u00bb header_2_font=\u00bbOswald|||on|||||\u00bb header_2_text_align=\u00bbcenter\u00bb header_2_text_color=\u00bb#FFFFFF\u00bb header_2_font_size=\u00bb32px\u00bb header_2_line_height=\u00bb1.2em\u00bb width=\u00bb100%\u00bb custom_margin=\u00bb||||false|false\u00bb custom_padding=\u00bb||||false|false\u00bb global_colors_info=\u00bb{}\u00bb]<\/p>\n<h2 style=\"text-align: center;\"><span style=\"font-size: 32px;\">Nuestra pol\u00edtica ambiental<\/span><\/h2>\n<p class=\"\"><em><\/em><\/p>\n<p class=\"\" style=\"text-align: center;\"><em>Documento PDF<\/em><\/p>\n<p>[\/et_pb_text][et_pb_button button_url=\u00bbhttps:\/\/scieriedion.com\/wp-content\/uploads\/2021\/05\/politique-environnementale-scierie-dion.pdf\u00bb url_new_window=\u00bbon\u00bb button_text=\u00bbLeer el documento\u00bb button_alignment=\u00bbcenter\u00bb _builder_version=\u00bb4.16&#8243; _module_preset=\u00bbdefault\u00bb custom_button=\u00bbon\u00bb button_text_size=\u00bb17px\u00bb button_text_color=\u00bb#006344&#8243; button_bg_color=\u00bbRGBA(0,0,0,0)\u00bb button_border_color=\u00bb#006344&#8243; button_border_radius=\u00bb0px\u00bb button_font=\u00bbOswald|||on|||||\u00bb button_use_icon=\u00bboff\u00bb global_colors_info=\u00bb{}\u00bb][\/et_pb_button][\/et_pb_column][et_pb_column type=\u00bb1_3&#8243; _builder_version=\u00bb4.16&#8243; _module_preset=\u00bbdefault\u00bb global_colors_info=\u00bb{}\u00bb][\/et_pb_column][\/et_pb_row][\/et_pb_section][et_pb_section fb_built=\u00bb1&#8243; fullwidth=\u00bbon\u00bb _builder_version=\u00bb4.16&#8243; _module_preset=\u00bbdefault\u00bb background_image=\u00bbhttps:\/\/scieriedion.com\/wp-content\/uploads\/2021\/05\/bois-rouler.jpg\u00bb custom_padding=\u00bb64px||472px|||\u00bb global_colors_info=\u00bb{}\u00bb][\/et_pb_section]<\/p>\n","protected":false},"excerpt":{"rendered":"<p>Equidad deg\u00e9nero Documento PDFPol\u00edtica anticorrupci\u00f3n Documento PDFPol\u00edtica contra el acoso Documento PDFReglamento para la resoluci\u00f3n de conflictos con el p\u00fablico en Scierie Dion et Fils Inc. Documento PDFNuestra pol\u00edtica ambiental Documento PDF<\/p>\n","protected":false},"author":1,"featured_media":0,"parent":0,"menu_order":0,"comment_status":"closed","ping_status":"closed","template":"","meta":{"_et_pb_use_builder":"on","_et_pb_old_content":"","_et_gb_content_width":"","footnotes":""},"class_list":["post-1345","page","type-page","status-publish","hentry"],"yoast_head":"<!-- This site is optimized with the Yoast SEO plugin v27.4 - https:\/\/yoast.com\/product\/yoast-seo-wordpress\/ -->\n<title>Documentaci\u00f3n - Scierie Dions et Fils inc.<\/title>\n<meta name=\"robots\" content=\"index, follow, max-snippet:-1, max-image-preview:large, max-video-preview:-1\" \/>\n<link rel=\"canonical\" href=\"https:\/\/scieriedion.com\/es\/documentacion\/\" \/>\n<meta property=\"og:locale\" content=\"es_ES\" \/>\n<meta property=\"og:type\" content=\"article\" \/>\n<meta property=\"og:title\" content=\"Documentaci\u00f3n - Scierie Dions et Fils inc.\" \/>\n<meta property=\"og:description\" content=\"Equidad deg\u00e9nero Documento PDFPol\u00edtica anticorrupci\u00f3n Documento PDFPol\u00edtica contra el acoso Documento PDFReglamento para la resoluci\u00f3n de conflictos con el p\u00fablico en Scierie Dion et Fils Inc. Documento PDFNuestra pol\u00edtica ambiental Documento PDF\" \/>\n<meta property=\"og:url\" content=\"https:\/\/scieriedion.com\/es\/documentacion\/\" \/>\n<meta property=\"og:site_name\" content=\"Scierie Dions et Fils inc.\" \/>\n<meta property=\"article:modified_time\" content=\"2026-03-31T15:33:40+00:00\" \/>\n<meta name=\"twitter:card\" content=\"summary_large_image\" \/>\n<meta name=\"twitter:label1\" content=\"Tiempo de lectura\" \/>\n\t<meta name=\"twitter:data1\" content=\"6 minutos\" \/>\n<script type=\"application\/ld+json\" class=\"yoast-schema-graph\">{\"@context\":\"https:\\\/\\\/schema.org\",\"@graph\":[{\"@type\":\"WebPage\",\"@id\":\"https:\\\/\\\/scieriedion.com\\\/es\\\/documentacion\\\/\",\"url\":\"https:\\\/\\\/scieriedion.com\\\/es\\\/documentacion\\\/\",\"name\":\"Documentaci\u00f3n - Scierie Dions et Fils inc.\",\"isPartOf\":{\"@id\":\"https:\\\/\\\/scieriedion.com\\\/es\\\/#website\"},\"datePublished\":\"2021-05-17T02:09:45+00:00\",\"dateModified\":\"2026-03-31T15:33:40+00:00\",\"breadcrumb\":{\"@id\":\"https:\\\/\\\/scieriedion.com\\\/es\\\/documentacion\\\/#breadcrumb\"},\"inLanguage\":\"es\",\"potentialAction\":[{\"@type\":\"ReadAction\",\"target\":[\"https:\\\/\\\/scieriedion.com\\\/es\\\/documentacion\\\/\"]}]},{\"@type\":\"BreadcrumbList\",\"@id\":\"https:\\\/\\\/scieriedion.com\\\/es\\\/documentacion\\\/#breadcrumb\",\"itemListElement\":[{\"@type\":\"ListItem\",\"position\":1,\"name\":\"Accueil\",\"item\":\"https:\\\/\\\/scieriedion.com\\\/es\\\/inicio\\\/\"},{\"@type\":\"ListItem\",\"position\":2,\"name\":\"Documentaci\u00f3n\"}]},{\"@type\":\"WebSite\",\"@id\":\"https:\\\/\\\/scieriedion.com\\\/es\\\/#website\",\"url\":\"https:\\\/\\\/scieriedion.com\\\/es\\\/\",\"name\":\"Scierie Dions et Fils inc.\",\"description\":\"Usine de feuillus durs et de r\u00e9sineux\",\"potentialAction\":[{\"@type\":\"SearchAction\",\"target\":{\"@type\":\"EntryPoint\",\"urlTemplate\":\"https:\\\/\\\/scieriedion.com\\\/es\\\/?s={search_term_string}\"},\"query-input\":{\"@type\":\"PropertyValueSpecification\",\"valueRequired\":true,\"valueName\":\"search_term_string\"}}],\"inLanguage\":\"es\"}]}<\/script>\n<!-- \/ Yoast SEO plugin. -->","yoast_head_json":{"title":"Documentaci\u00f3n - Scierie Dions et Fils inc.","robots":{"index":"index","follow":"follow","max-snippet":"max-snippet:-1","max-image-preview":"max-image-preview:large","max-video-preview":"max-video-preview:-1"},"canonical":"https:\/\/scieriedion.com\/es\/documentacion\/","og_locale":"es_ES","og_type":"article","og_title":"Documentaci\u00f3n - Scierie Dions et Fils inc.","og_description":"Equidad deg\u00e9nero Documento PDFPol\u00edtica anticorrupci\u00f3n Documento PDFPol\u00edtica contra el acoso Documento PDFReglamento para la resoluci\u00f3n de conflictos con el p\u00fablico en Scierie Dion et Fils Inc. Documento PDFNuestra pol\u00edtica ambiental Documento PDF","og_url":"https:\/\/scieriedion.com\/es\/documentacion\/","og_site_name":"Scierie Dions et Fils inc.","article_modified_time":"2026-03-31T15:33:40+00:00","twitter_card":"summary_large_image","twitter_misc":{"Tiempo de lectura":"6 minutos"},"schema":{"@context":"https:\/\/schema.org","@graph":[{"@type":"WebPage","@id":"https:\/\/scieriedion.com\/es\/documentacion\/","url":"https:\/\/scieriedion.com\/es\/documentacion\/","name":"Documentaci\u00f3n - Scierie Dions et Fils inc.","isPartOf":{"@id":"https:\/\/scieriedion.com\/es\/#website"},"datePublished":"2021-05-17T02:09:45+00:00","dateModified":"2026-03-31T15:33:40+00:00","breadcrumb":{"@id":"https:\/\/scieriedion.com\/es\/documentacion\/#breadcrumb"},"inLanguage":"es","potentialAction":[{"@type":"ReadAction","target":["https:\/\/scieriedion.com\/es\/documentacion\/"]}]},{"@type":"BreadcrumbList","@id":"https:\/\/scieriedion.com\/es\/documentacion\/#breadcrumb","itemListElement":[{"@type":"ListItem","position":1,"name":"Accueil","item":"https:\/\/scieriedion.com\/es\/inicio\/"},{"@type":"ListItem","position":2,"name":"Documentaci\u00f3n"}]},{"@type":"WebSite","@id":"https:\/\/scieriedion.com\/es\/#website","url":"https:\/\/scieriedion.com\/es\/","name":"Scierie Dions et Fils inc.","description":"Usine de feuillus durs et de r\u00e9sineux","potentialAction":[{"@type":"SearchAction","target":{"@type":"EntryPoint","urlTemplate":"https:\/\/scieriedion.com\/es\/?s={search_term_string}"},"query-input":{"@type":"PropertyValueSpecification","valueRequired":true,"valueName":"search_term_string"}}],"inLanguage":"es"}]}},"_links":{"self":[{"href":"https:\/\/scieriedion.com\/es\/wp-json\/wp\/v2\/pages\/1345","targetHints":{"allow":["GET"]}}],"collection":[{"href":"https:\/\/scieriedion.com\/es\/wp-json\/wp\/v2\/pages"}],"about":[{"href":"https:\/\/scieriedion.com\/es\/wp-json\/wp\/v2\/types\/page"}],"author":[{"embeddable":true,"href":"https:\/\/scieriedion.com\/es\/wp-json\/wp\/v2\/users\/1"}],"replies":[{"embeddable":true,"href":"https:\/\/scieriedion.com\/es\/wp-json\/wp\/v2\/comments?post=1345"}],"version-history":[{"count":6,"href":"https:\/\/scieriedion.com\/es\/wp-json\/wp\/v2\/pages\/1345\/revisions"}],"predecessor-version":[{"id":1519,"href":"https:\/\/scieriedion.com\/es\/wp-json\/wp\/v2\/pages\/1345\/revisions\/1519"}],"wp:attachment":[{"href":"https:\/\/scieriedion.com\/es\/wp-json\/wp\/v2\/media?parent=1345"}],"curies":[{"name":"wp","href":"https:\/\/api.w.org\/{rel}","templated":true}]}}